{"id":1244,"date":"2021-11-03T16:31:07","date_gmt":"2021-11-03T16:31:07","guid":{"rendered":"https:\/\/distracted-meninsky.51-75-192-219.plesk.page\/?page_id=1244"},"modified":"2021-11-03T17:20:08","modified_gmt":"2021-11-03T17:20:08","slug":"reglement","status":"publish","type":"page","link":"https:\/\/www.raceandsnow.com\/index.php\/reglement\/","title":{"rendered":"Reglement"},"content":{"rendered":"<p>[vc_row hide_bg_image_on_tablet=&#8221;&#8221; hide_bg_image_on_mobile=&#8221;&#8221; css=&#8221;.vc_custom_1527690588959{background-color: #f7f8f9 !important;}&#8221;][vc_column icons_position=&#8221;left&#8221;][vc_empty_space height=&#8221;4em&#8221; alter_height=&#8221;none&#8221; hide_on_mobile=&#8221;&#8221; hide_on_desktop=&#8221;&#8221; hide_on_notebook=&#8221;&#8221; hide_on_tablet=&#8221;&#8221;]<div id=\"sc_content_290279816\"\n\t\tclass=\"sc_content sc_content_default sc_float_center p70\"><div class=\"sc_content_container\">[vc_column_text]<\/p>\n<h2 style=\"text-align: center;\">\u00a0<span class=\"fontstyle0\">8.2 HARLEY<\/span><span class=\"fontstyle0\">\u00ae <\/span><span class=\"fontstyle0\">&amp; SNOW RACE HILLCLIMBING <\/span><span class=\"fontstyle0\">\u00ae<\/span><\/h2>\n<h5 style=\"text-align: center;\"><strong><span class=\"fontstyle2\">Reglement und Erkl\u00e4rung der Kategorien!<\/span><\/strong><\/h5>\n<p>[\/vc_column_text]<\/div><\/div><!-- \/.sc_content -->[\/vc_column][\/vc_row][vc_row hide_bg_image_on_tablet=&#8221;&#8221; hide_bg_image_on_mobile=&#8221;&#8221; css=&#8221;.vc_custom_1527690597112{background-color: #f7f8f9 !important;}&#8221;][vc_column icons_position=&#8221;left&#8221;][vc_empty_space height=&#8221;4em&#8221; alter_height=&#8221;none&#8221; hide_on_mobile=&#8221;&#8221; hide_on_desktop=&#8221;&#8221; hide_on_notebook=&#8221;&#8221; hide_on_tablet=&#8221;&#8221;]<div id=\"sc_content_649406806\"\n\t\tclass=\"sc_content sc_content_default sc_float_center p70\"><div class=\"sc_content_container\">[vc_column_text]<strong>Veranstaltung<\/strong><br \/>\nDas 8.2 Harley\u00ae&amp;Snow Race Hillclimbing\u00ae findet vom 11. &#8211; 13.03.2022 auf einer Skipiste in Vals, Gebiet Gitschberg &#8211; Jochtal (S\u00fcdtirol) statt.<\/p>\n<p><strong><span style=\"color: #000000;\">Strecke<\/span><\/strong><br \/>\nDie Strecke verl\u00e4uft einer Skipiste entlang, die abgesperrt wird. Das betreten der gesperrten Zone ist verboten!! Den Anordnungen der Streckenposten ist Folge zu leisten!!<\/p>\n<p><strong><span style=\"color: #000000;\">Einschreibung<\/span><\/strong><br \/>\nDie Rennen finden am Samstag UND Sonntag statt. Die Technische Abnahme und Nummernziehung findet deshalb Freitag statt.<\/p>\n<p><strong><span style=\"color: #ff0000;\">Wir machen aus organisatorischen Gr\u00fcnden keine Ausnahmen oder Sonderabnahmen. Wer am Freitag nicht zur Abnahme und darauffolgende Nummernziehung erscheint kann an den Rennen nicht teilnehmen!!!<\/span><\/strong><\/p>\n<p>Aus organisatorischen Gr\u00fcnden ist nur eine begrenzte Teilnehmerzahl m\u00f6glich, deshalb bitten wir um eine rechtzeitige Einschreibung. Diese erfolgt online unter: www.raceandsnow.com oder schriftlich an:<br \/>\nsnowandharley@gmail.com<br \/>\nDie Teilnahmegeb\u00fchr wird noch bekanntgegeben, die Kontodaten erh\u00e4lt Ihr bei einreichen des Einschreibformulars.[\/vc_column_text]<\/div><\/div><!-- \/.sc_content -->[\/vc_column][\/vc_row][vc_row hide_bg_image_on_tablet=&#8221;&#8221; hide_bg_image_on_mobile=&#8221;&#8221; css=&#8221;.vc_custom_1527690601612{background-color: #f7f8f9 !important;}&#8221;][vc_column icons_position=&#8221;left&#8221;][vc_empty_space height=&#8221;4em&#8221; alter_height=&#8221;none&#8221; hide_on_mobile=&#8221;&#8221; hide_on_desktop=&#8221;&#8221; hide_on_notebook=&#8221;&#8221; hide_on_tablet=&#8221;&#8221;]<div id=\"sc_content_1948330106\"\n\t\tclass=\"sc_content sc_content_default sc_float_center p70\"><div class=\"sc_content_container\">[vc_column_text]Die Einschreibung gilt erst nach erfolgter Bezahlung als Best\u00e4tigt.<\/p>\n<p><strong><span style=\"color: #ff0000;\">R\u00fcckerstattung der Einschreibe Geb\u00fchr ist, aufgrund der Vorbereitungen jedes einzelnen Starters, NICHT m\u00f6glich!<\/span><\/strong><br \/>\n<strong><span style=\"color: #ff0000;\">Die Startnummern werden vor Ort vergeben.<\/span><\/strong><\/p>\n<p><strong>Versicherung<\/strong><br \/>\nJeder Teilnehmer ist f\u00fcr seinen pers\u00f6nlichen Unfall- Versicherungsschutz selbst verantwortlich. Jeder Teilnehmer unterschreibt bei Vergabe der Startnummer einen Haftungsausschluss.<\/p>\n<p><strong>Ausr\u00fcstung<\/strong><br \/>\nDie Fahrer m\u00fcssen mit ausreichender Sicherheitsausr\u00fcstung gesch\u00fctzt sein, um Verletzungen vorzubeugen. Der Veranstalter beh\u00e4lt sich das Recht vor, bei drohender Gefahr einem Fahrer die Teilnahme zu verweigern.<\/p>\n<p><strong>Motorrad<\/strong><br \/>\nDas Motorrad muss in einem technisch guten Zustand sein. Es muss mit einer funktionierenden Bremse ausger\u00fcstet sein. Das Hinterrad muss bei Verwendung von Spikes mit einem Schutzblech oder \u00e4hnlichem gesch\u00fctzt sein. (Entf\u00e4llt bei Stollenreifen o.A.).<\/p>\n<p><strong>Fahrerlager<\/strong><br \/>\nDas Fahrerlager ist ab Freitag ge\u00f6ffnet.<br \/>\nDas Fahren auf den \u00f6ffentlichen Stra\u00dfen oder im Zuschauerbereich ist strengstens verboten.<br \/>\nDen Anweisungen des Hilfspersonals und der Streckenposten ist Folge zu<br \/>\nleisten.<\/p>\n<p><strong>Allgemeines zum Ablauf und Rennen<\/strong><br \/>\nDie Startreihenfolge wird fr\u00fchzeitig bekanntgegeben. Die Fahrer m\u00fcssen sich selbstst\u00e4ndig in Reihenfolge (Startnummern) zum Startbereich begeben! Das \u201eAnschieben\u201c im Startbereich ist nur bis zur Lichtschranke erlaubt. Die Rennleitung kann das Anschieben bei drohender Verletzungsgefahr (nicht gesch\u00fctztes Hinterrad) untersagen!<br \/>\nDas RaceShirt (Startnummer) ist gut sichtbar anzuziehen, es darf dar\u00fcber keine andere Bekleidung \/ Protektor angezogen werden. Andernfalls wird der Start verweigert!!!<br \/>\n<span class=\"fontstyle0\">F\u00fcr Reklamationen w\u00e4hrend der Rennen wird eine unabh\u00e4ngige Kommission bereitstehen, an denen man sich innerhalb einer Stunde nach dem zu reklamierenden Lauf wenden kann.<\/span><\/p>\n<p>Der Startbereich ist au\u00dfer f\u00fcr die startenden Fahrer nicht zug\u00e4nglich![\/vc_column_text]<\/div><\/div><!-- \/.sc_content -->[\/vc_column][\/vc_row][vc_row hide_bg_image_on_tablet=&#8221;&#8221; hide_bg_image_on_mobile=&#8221;&#8221; css=&#8221;.vc_custom_1527690606563{background-color: #f7f8f9 !important;}&#8221;][vc_column icons_position=&#8221;left&#8221;][vc_empty_space height=&#8221;4em&#8221; alter_height=&#8221;none&#8221; hide_on_mobile=&#8221;&#8221; hide_on_desktop=&#8221;&#8221; hide_on_notebook=&#8221;&#8221; hide_on_tablet=&#8221;&#8221;]<div id=\"sc_content_950435196\"\n\t\tclass=\"sc_content sc_content_default sc_float_center p70\"><div class=\"sc_content_container\">[vc_column_text]<strong> Kategorien<\/strong><br \/>\nGestartet wird in 5 Kategorien:<\/p>\n<p><strong>1. Harley-Davidson\u00ae Stock Bikes<\/strong><br \/>\na. Evo, TwinCam, XL<br \/>\nb. Keine Schaufelr\u00e4der \/ Raupen \/ Ski<br \/>\nc. Hubraum unbegrenzt<br \/>\nd. Keine strukturellen \u00c4nderungen am Serien H-D Rahmen (Rake usw),keine Verl\u00e4ngerung der Schwinge.<\/p>\n<p>Hier starten Harley-Davidson\u2019s, die eigentlich Stra\u00dfentauglich sind und nur kleine \u00c4nderungen f\u00fcr die Teilnahme an Harley&amp;Snow haben (Bereifung, Fender usw). Ab Bj. 1984\/85 Evo\u00b4s, TwinCam\u00b4s und XL.<\/p>\n<p><strong>2. Harley-Davidson\u00ae Vintage Bikes<\/strong><br \/>\na. Bis inkl. Shovelheads<br \/>\nb. Keine Schaufelr\u00e4der \/ Raupen \/ Ski<br \/>\nc. Hubraum unbegrenzt<br \/>\nd. Keine strukturellen \u00c4nderungen am Rahmen (Rake usw), keine Verl\u00e4ngerung der Schwinge.<\/p>\n<p>Hier starten Harley-Davidson\u2019s, die eigentlich Stra\u00dfentauglich sind und nur kleine \u00c4nderungen f\u00fcr die Teilnahme an Harley&amp;Snow haben (Bereifung, Fender usw). Bj von 1903 bis inkl. Shovelhead\u00b4s.<\/p>\n<p><strong>3. Harley-Davidson\u00ae Performance Bikes<\/strong><br \/>\na. Wie Kat. 1 mit Strukturellen \u00c4nderungen<br \/>\nb. Schaufelr\u00e4der erlaubt (bei Zweifel nachfragen)<\/p>\n<p>Diese Kategorie ist f\u00fcr Motorr\u00e4der mit Harley-Davidson V-Twin Triebwerk, an denen aber strukturelle \u00c4nderungen (Schwingenverl\u00e4ngerungen, Rahmen\u00e4nderungen oder dergleichen) gemacht wurden. Buell\u2019s werden in dieser Kategorie gewertet.<\/p>\n<p><strong> 4. All Bikes<\/strong><br \/>\na. Motorr\u00e4der ohne strukturellen \u00c4nderungen an Rahmen, Schwingen, Aufh\u00e4ngung usw.<br \/>\nb. Keine Schaufelr\u00e4der \/ Raupen \/ Ski<br \/>\nc. Cross \/ Trial nur mit Stollenreifen<br \/>\nDie hier startenden Motorr\u00e4der m\u00fcssen in der Struktur original sein (Schwinge, Rahmen usw). Gro\u00dfteil dieser Kategorie sind Cross und Trial mit normal Bereifung (keine Spikes oder Ketten, da sonst Kat. 5)[\/vc_column_text]<\/div><\/div><!-- \/.sc_content -->[\/vc_column][\/vc_row][vc_row hide_bg_image_on_tablet=&#8221;&#8221; hide_bg_image_on_mobile=&#8221;&#8221; css=&#8221;.vc_custom_1527690611459{background-color: #f7f8f9 !important;}&#8221;][vc_column icons_position=&#8221;left&#8221;][vc_empty_space height=&#8221;4em&#8221; alter_height=&#8221;none&#8221; hide_on_mobile=&#8221;&#8221; hide_on_desktop=&#8221;&#8221; hide_on_notebook=&#8221;&#8221; hide_on_tablet=&#8221;&#8221;]<div id=\"sc_content_303984237\"\n\t\tclass=\"sc_content sc_content_default sc_float_center p70\"><div class=\"sc_content_container\">[vc_column_text]<strong>\u00a05. Open Kategorie<\/strong><br \/>\na. Gesamtl\u00e4nge offen<br \/>\nb. Hubraum offen<br \/>\nc. Keine Raupen \/ Ski<\/p>\n<p>Alles was sonst nirgends reinpasst f\u00e4hrt in der Open Kategorie. Hier ist fast alles erlaubt.<\/p>\n<p><img loading=\"lazy\" decoding=\"async\" class=\"size-full wp-image-1253 alignleft\" src=\"https:\/\/www.raceandsnow.com\/wp-content\/uploads\/2021\/11\/gomma_chiodata.jpg\" alt=\"\" width=\"183\" height=\"123\" \/><\/p>\n<p>Zu den Spikes: K\u00e4uflich erworbene Spikes sind nat\u00fcrlich erlaubt, solange fachgerecht montiert. Einfach von innen geschraubte \u201eHolzschrauben\u201c usw, das es herausrei\u00dfen kann, wollen wir nicht sehen.<\/p>\n<p>&nbsp;<\/p>\n<p>&nbsp;<\/p>\n<p><img loading=\"lazy\" decoding=\"async\" class=\"size-full wp-image-1254 alignleft\" src=\"https:\/\/www.raceandsnow.com\/wp-content\/uploads\/2021\/11\/gomma_a_pala.jpg\" alt=\"\" width=\"170\" height=\"108\" \/><br \/>\nZu den Schaufelr\u00e4der: Generell sind Schaufelr\u00e4der verboten, au\u00dfer in Kat.5 Open. Auch hierbei ist zu beachten, sollten die Schaufeln selbstgebaut sein, dass diese so gut wie technisch m\u00f6glich im Reifen verankert sind und somit ein herausbrechen \/ l\u00f6sen der Teile ausgeschlossen wird.<\/p>\n<p>&nbsp;<\/p>\n<p>Wir wollen nichts selbstgebasteltes, das sich irgendwie l\u00f6sen und einen anderen Teilnehmer oder Zuschauer verletzen kann.<\/p>\n<p>Sollte eine \u00c4nderung nicht sicher erscheinen, kann das Bike evtl. die technische Abnahme nicht bestehen und darf somit auch nicht teilnehmen!!<\/p>\n<p>Da es immer wieder Diskussionen oder Unstimmigkeiten gibt:<\/p>\n<p>IM ZWEIFEL BEREITS VORAB EINFACH AN DIE RENNLEITUNG WENDEN, diese sagt euch was erlaubt ist und was nicht.<br \/>\nservice.bz@harley.bz.it<\/p>\n<p><em> <span class=\"fontstyle0\">Euer Harley<\/span><span class=\"fontstyle0\">\u00ae<\/span><span class=\"fontstyle0\">&amp;Snow Team!<\/span><\/em>[\/vc_column_text]<\/div><\/div><!-- \/.sc_content -->[vc_empty_space height=&#8221;4em&#8221; alter_height=&#8221;none&#8221; hide_on_mobile=&#8221;&#8221; hide_on_desktop=&#8221;&#8221; hide_on_notebook=&#8221;&#8221; hide_on_tablet=&#8221;&#8221;][\/vc_column][\/vc_row][vc_row][vc_column icons_position=&#8221;left&#8221;][vc_empty_space height=&#8221;70px&#8221; alter_height=&#8221;none&#8221; hide_on_mobile=&#8221;&#8221; hide_on_desktop=&#8221;&#8221; hide_on_notebook=&#8221;&#8221; hide_on_tablet=&#8221;&#8221;][\/vc_column][\/vc_row]<\/p>\n","protected":false},"excerpt":{"rendered":"<p>[vc_row hide_bg_image_on_tablet=&#8221;&#8221; hide_bg_image_on_mobile=&#8221;&#8221; css=&#8221;.vc_custom_1527690588959{background-color: #f7f8f9 !important;}&#8221;][vc_column icons_position=&#8221;left&#8221;][vc_empty_space height=&#8221;4em&#8221; alter_height=&#8221;none&#8221; hide_on_mobile=&#8221;&#8221; hide_on_desktop=&#8221;&#8221; hide_on_notebook=&#8221;&#8221; hide_on_tablet=&#8221;&#8221;][\/vc_column][\/vc_row][vc_row hide_bg_image_on_tablet=&#8221;&#8221; hide_bg_image_on_mobile=&#8221;&#8221; css=&#8221;.vc_custom_1527690597112{background-color: #f7f8f9 !important;}&#8221;][vc_column icons_position=&#8221;left&#8221;][vc_empty_space height=&#8221;4em&#8221; alter_height=&#8221;none&#8221; hide_on_mobile=&#8221;&#8221; hide_on_desktop=&#8221;&#8221; hide_on_notebook=&#8221;&#8221; hide_on_tablet=&#8221;&#8221;][\/vc_column][\/vc_row][vc_row hide_bg_image_on_tablet=&#8221;&#8221; hide_bg_image_on_mobile=&#8221;&#8221; css=&#8221;.vc_custom_1527690601612{background-color: #f7f8f9 !important;}&#8221;][vc_column icons_position=&#8221;left&#8221;][vc_empty_space height=&#8221;4em&#8221; alter_height=&#8221;none&#8221; hide_on_mobile=&#8221;&#8221; hide_on_desktop=&#8221;&#8221; hide_on_notebook=&#8221;&#8221; hide_on_tablet=&#8221;&#8221;][\/vc_column][\/vc_row][vc_row hide_bg_image_on_tablet=&#8221;&#8221; hide_bg_image_on_mobile=&#8221;&#8221; css=&#8221;.vc_custom_1527690606563{background-color: #f7f8f9 !important;}&#8221;][vc_column icons_position=&#8221;left&#8221;][vc_empty_space height=&#8221;4em&#8221; alter_height=&#8221;none&#8221; hide_on_mobile=&#8221;&#8221; hide_on_desktop=&#8221;&#8221; hide_on_notebook=&#8221;&#8221; hide_on_tablet=&#8221;&#8221;][\/vc_column][\/vc_row][vc_row hide_bg_image_on_tablet=&#8221;&#8221; hide_bg_image_on_mobile=&#8221;&#8221; css=&#8221;.vc_custom_1527690611459{background-color: #f7f8f9 !important;}&#8221;][vc_column icons_position=&#8221;left&#8221;][vc_empty_space height=&#8221;4em&#8221; alter_height=&#8221;none&#8221; hide_on_mobile=&#8221;&#8221; hide_on_desktop=&#8221;&#8221; hide_on_notebook=&#8221;&#8221;&hellip;<\/p>\n","protected":false},"author":1,"featured_media":0,"parent":0,"menu_order":0,"comment_status":"closed","ping_status":"closed","template":"","meta":{"ngg_post_thumbnail":0,"footnotes":""},"class_list":["post-1244","page","type-page","status-publish","hentry"],"yoast_head":"<!-- This site is optimized with the Yoast SEO plugin v19.4 - https:\/\/yoast.com\/wordpress\/plugins\/seo\/ -->\n<title>Reglement - Race and Snow<\/title>\n<meta name=\"robots\" content=\"index, follow, max-snippet:-1, max-image-preview:large, max-video-preview:-1\" \/>\n<link rel=\"canonical\" href=\"https:\/\/www.raceandsnow.com\/index.php\/reglement\/\" \/>\n<meta property=\"og:locale\" content=\"it_IT\" \/>\n<meta property=\"og:type\" content=\"article\" \/>\n<meta property=\"og:title\" content=\"Reglement - Race and Snow\" \/>\n<meta property=\"og:description\" content=\"[vc_row hide_bg_image_on_tablet=&#8221;&#8221; hide_bg_image_on_mobile=&#8221;&#8221; css=&#8221;.vc_custom_1527690588959{background-color: #f7f8f9 !important;}&#8221;][vc_column icons_position=&#8221;left&#8221;][vc_empty_space height=&#8221;4em&#8221; alter_height=&#8221;none&#8221; hide_on_mobile=&#8221;&#8221; hide_on_desktop=&#8221;&#8221; hide_on_notebook=&#8221;&#8221; hide_on_tablet=&#8221;&#8221;][\/vc_column][\/vc_row][vc_row hide_bg_image_on_tablet=&#8221;&#8221; hide_bg_image_on_mobile=&#8221;&#8221; css=&#8221;.vc_custom_1527690597112{background-color: #f7f8f9 !important;}&#8221;][vc_column icons_position=&#8221;left&#8221;][vc_empty_space height=&#8221;4em&#8221; alter_height=&#8221;none&#8221; hide_on_mobile=&#8221;&#8221; hide_on_desktop=&#8221;&#8221; hide_on_notebook=&#8221;&#8221; hide_on_tablet=&#8221;&#8221;][\/vc_column][\/vc_row][vc_row hide_bg_image_on_tablet=&#8221;&#8221; hide_bg_image_on_mobile=&#8221;&#8221; css=&#8221;.vc_custom_1527690601612{background-color: #f7f8f9 !important;}&#8221;][vc_column icons_position=&#8221;left&#8221;][vc_empty_space height=&#8221;4em&#8221; alter_height=&#8221;none&#8221; hide_on_mobile=&#8221;&#8221; hide_on_desktop=&#8221;&#8221; hide_on_notebook=&#8221;&#8221; hide_on_tablet=&#8221;&#8221;][\/vc_column][\/vc_row][vc_row hide_bg_image_on_tablet=&#8221;&#8221; hide_bg_image_on_mobile=&#8221;&#8221; css=&#8221;.vc_custom_1527690606563{background-color: #f7f8f9 !important;}&#8221;][vc_column icons_position=&#8221;left&#8221;][vc_empty_space height=&#8221;4em&#8221; alter_height=&#8221;none&#8221; hide_on_mobile=&#8221;&#8221; hide_on_desktop=&#8221;&#8221; hide_on_notebook=&#8221;&#8221; hide_on_tablet=&#8221;&#8221;][\/vc_column][\/vc_row][vc_row hide_bg_image_on_tablet=&#8221;&#8221; hide_bg_image_on_mobile=&#8221;&#8221; css=&#8221;.vc_custom_1527690611459{background-color: #f7f8f9 !important;}&#8221;][vc_column icons_position=&#8221;left&#8221;][vc_empty_space height=&#8221;4em&#8221; alter_height=&#8221;none&#8221; hide_on_mobile=&#8221;&#8221; hide_on_desktop=&#8221;&#8221; hide_on_notebook=&#8221;&#8221;&hellip;\" \/>\n<meta property=\"og:url\" content=\"https:\/\/www.raceandsnow.com\/index.php\/reglement\/\" \/>\n<meta property=\"og:site_name\" content=\"Race and Snow\" \/>\n<meta property=\"article:modified_time\" content=\"2021-11-03T17:20:08+00:00\" \/>\n<meta property=\"og:image\" content=\"https:\/\/www.raceandsnow.com\/wp-content\/uploads\/2021\/11\/gomma_chiodata.jpg\" \/>\n<meta name=\"twitter:card\" content=\"summary_large_image\" \/>\n<meta name=\"twitter:label1\" content=\"Tempo di lettura stimato\" \/>\n\t<meta name=\"twitter:data1\" content=\"6 minuti\" \/>\n<script type=\"application\/ld+json\" class=\"yoast-schema-graph\">{\"@context\":\"https:\/\/schema.org\",\"@graph\":[{\"@type\":\"WebSite\",\"@id\":\"https:\/\/www.raceandsnow.com\/#website\",\"url\":\"https:\/\/www.raceandsnow.com\/\",\"name\":\"Race and Snow\",\"description\":\"Hillclimbing events\",\"potentialAction\":[{\"@type\":\"SearchAction\",\"target\":{\"@type\":\"EntryPoint\",\"urlTemplate\":\"https:\/\/www.raceandsnow.com\/?s={search_term_string}\"},\"query-input\":\"required name=search_term_string\"}],\"inLanguage\":\"it-IT\"},{\"@type\":\"WebPage\",\"@id\":\"https:\/\/www.raceandsnow.com\/index.php\/reglement\/\",\"url\":\"https:\/\/www.raceandsnow.com\/index.php\/reglement\/\",\"name\":\"Reglement - Race and Snow\",\"isPartOf\":{\"@id\":\"https:\/\/www.raceandsnow.com\/#website\"},\"datePublished\":\"2021-11-03T16:31:07+00:00\",\"dateModified\":\"2021-11-03T17:20:08+00:00\",\"breadcrumb\":{\"@id\":\"https:\/\/www.raceandsnow.com\/index.php\/reglement\/#breadcrumb\"},\"inLanguage\":\"it-IT\",\"potentialAction\":[{\"@type\":\"ReadAction\",\"target\":[\"https:\/\/www.raceandsnow.com\/index.php\/reglement\/\"]}]},{\"@type\":\"BreadcrumbList\",\"@id\":\"https:\/\/www.raceandsnow.com\/index.php\/reglement\/#breadcrumb\",\"itemListElement\":[{\"@type\":\"ListItem\",\"position\":1,\"name\":\"Home\",\"item\":\"https:\/\/www.raceandsnow.com\/\"},{\"@type\":\"ListItem\",\"position\":2,\"name\":\"Reglement\"}]}]}<\/script>\n<!-- \/ Yoast SEO plugin. -->","yoast_head_json":{"title":"Reglement - Race and Snow","robots":{"index":"index","follow":"follow","max-snippet":"max-snippet:-1","max-image-preview":"max-image-preview:large","max-video-preview":"max-video-preview:-1"},"canonical":"https:\/\/www.raceandsnow.com\/index.php\/reglement\/","og_locale":"it_IT","og_type":"article","og_title":"Reglement - Race and Snow","og_description":"[vc_row hide_bg_image_on_tablet=&#8221;&#8221; hide_bg_image_on_mobile=&#8221;&#8221; css=&#8221;.vc_custom_1527690588959{background-color: #f7f8f9 !important;}&#8221;][vc_column icons_position=&#8221;left&#8221;][vc_empty_space height=&#8221;4em&#8221; alter_height=&#8221;none&#8221; hide_on_mobile=&#8221;&#8221; hide_on_desktop=&#8221;&#8221; hide_on_notebook=&#8221;&#8221; hide_on_tablet=&#8221;&#8221;][\/vc_column][\/vc_row][vc_row hide_bg_image_on_tablet=&#8221;&#8221; hide_bg_image_on_mobile=&#8221;&#8221; css=&#8221;.vc_custom_1527690597112{background-color: #f7f8f9 !important;}&#8221;][vc_column icons_position=&#8221;left&#8221;][vc_empty_space height=&#8221;4em&#8221; alter_height=&#8221;none&#8221; hide_on_mobile=&#8221;&#8221; hide_on_desktop=&#8221;&#8221; hide_on_notebook=&#8221;&#8221; hide_on_tablet=&#8221;&#8221;][\/vc_column][\/vc_row][vc_row hide_bg_image_on_tablet=&#8221;&#8221; hide_bg_image_on_mobile=&#8221;&#8221; css=&#8221;.vc_custom_1527690601612{background-color: #f7f8f9 !important;}&#8221;][vc_column icons_position=&#8221;left&#8221;][vc_empty_space height=&#8221;4em&#8221; alter_height=&#8221;none&#8221; hide_on_mobile=&#8221;&#8221; hide_on_desktop=&#8221;&#8221; hide_on_notebook=&#8221;&#8221; hide_on_tablet=&#8221;&#8221;][\/vc_column][\/vc_row][vc_row hide_bg_image_on_tablet=&#8221;&#8221; hide_bg_image_on_mobile=&#8221;&#8221; css=&#8221;.vc_custom_1527690606563{background-color: #f7f8f9 !important;}&#8221;][vc_column icons_position=&#8221;left&#8221;][vc_empty_space height=&#8221;4em&#8221; alter_height=&#8221;none&#8221; hide_on_mobile=&#8221;&#8221; hide_on_desktop=&#8221;&#8221; hide_on_notebook=&#8221;&#8221; hide_on_tablet=&#8221;&#8221;][\/vc_column][\/vc_row][vc_row hide_bg_image_on_tablet=&#8221;&#8221; hide_bg_image_on_mobile=&#8221;&#8221; css=&#8221;.vc_custom_1527690611459{background-color: #f7f8f9 !important;}&#8221;][vc_column icons_position=&#8221;left&#8221;][vc_empty_space height=&#8221;4em&#8221; alter_height=&#8221;none&#8221; hide_on_mobile=&#8221;&#8221; hide_on_desktop=&#8221;&#8221; hide_on_notebook=&#8221;&#8221;&hellip;","og_url":"https:\/\/www.raceandsnow.com\/index.php\/reglement\/","og_site_name":"Race and Snow","article_modified_time":"2021-11-03T17:20:08+00:00","og_image":[{"url":"https:\/\/www.raceandsnow.com\/wp-content\/uploads\/2021\/11\/gomma_chiodata.jpg"}],"twitter_card":"summary_large_image","twitter_misc":{"Tempo di lettura stimato":"6 minuti"},"schema":{"@context":"https:\/\/schema.org","@graph":[{"@type":"WebSite","@id":"https:\/\/www.raceandsnow.com\/#website","url":"https:\/\/www.raceandsnow.com\/","name":"Race and Snow","description":"Hillclimbing events","potentialAction":[{"@type":"SearchAction","target":{"@type":"EntryPoint","urlTemplate":"https:\/\/www.raceandsnow.com\/?s={search_term_string}"},"query-input":"required name=search_term_string"}],"inLanguage":"it-IT"},{"@type":"WebPage","@id":"https:\/\/www.raceandsnow.com\/index.php\/reglement\/","url":"https:\/\/www.raceandsnow.com\/index.php\/reglement\/","name":"Reglement - Race and Snow","isPartOf":{"@id":"https:\/\/www.raceandsnow.com\/#website"},"datePublished":"2021-11-03T16:31:07+00:00","dateModified":"2021-11-03T17:20:08+00:00","breadcrumb":{"@id":"https:\/\/www.raceandsnow.com\/index.php\/reglement\/#breadcrumb"},"inLanguage":"it-IT","potentialAction":[{"@type":"ReadAction","target":["https:\/\/www.raceandsnow.com\/index.php\/reglement\/"]}]},{"@type":"BreadcrumbList","@id":"https:\/\/www.raceandsnow.com\/index.php\/reglement\/#breadcrumb","itemListElement":[{"@type":"ListItem","position":1,"name":"Home","item":"https:\/\/www.raceandsnow.com\/"},{"@type":"ListItem","position":2,"name":"Reglement"}]}]}},"_links":{"self":[{"href":"https:\/\/www.raceandsnow.com\/index.php\/wp-json\/wp\/v2\/pages\/1244","targetHints":{"allow":["GET"]}}],"collection":[{"href":"https:\/\/www.raceandsnow.com\/index.php\/wp-json\/wp\/v2\/pages"}],"about":[{"href":"https:\/\/www.raceandsnow.com\/index.php\/wp-json\/wp\/v2\/types\/page"}],"author":[{"embeddable":true,"href":"https:\/\/www.raceandsnow.com\/index.php\/wp-json\/wp\/v2\/users\/1"}],"replies":[{"embeddable":true,"href":"https:\/\/www.raceandsnow.com\/index.php\/wp-json\/wp\/v2\/comments?post=1244"}],"version-history":[{"count":12,"href":"https:\/\/www.raceandsnow.com\/index.php\/wp-json\/wp\/v2\/pages\/1244\/revisions"}],"predecessor-version":[{"id":1247,"href":"https:\/\/www.raceandsnow.com\/index.php\/wp-json\/wp\/v2\/pages\/1244\/revisions\/1247"}],"wp:attachment":[{"href":"https:\/\/www.raceandsnow.com\/index.php\/wp-json\/wp\/v2\/media?parent=1244"}],"curies":[{"name":"wp","href":"https:\/\/api.w.org\/{rel}","templated":true}]}}